{"id":45,"date":"2016-08-15T11:51:45","date_gmt":"2016-08-15T09:51:45","guid":{"rendered":"http:\/\/cougar-consulting.eu\/?page_id=45"},"modified":"2016-09-19T10:13:26","modified_gmt":"2016-09-19T08:13:26","slug":"about","status":"publish","type":"page","link":"http:\/\/cougar-consulting.eu\/de\/about\/","title":{"rendered":"\u00fcber Cougar Consulting"},"content":{"rendered":"<p>Cougar Consulting ist ihr kompetenter Partner f\u00fcr Unternehmensberatung, Existenzgr\u00fcnderberatung und Projekt- bzw. Qualit\u00e4tsmanagement. Wir unterst\u00fctzen Sie individuell und pers\u00f6nlich, damit Sie Ihre Potentiale entwickeln und zum Erfolg f\u00fchren k\u00f6nnen.<br \/>\nZu unseren Kunden im gesamten europ\u00e4ischen Raum z\u00e4hlten unter anderem Unternehmen aus den Bereichen:<\/p>\n<ul>\n<li>Energie- und Telekommunikationsanbieter<\/li>\n<li>Gesundheitsdienstleister<\/li>\n<li>Industrie und Produzierendes Gewerbe<\/li>\n<\/ul>\n<p>Durch unser kooperatives Netzwerk k\u00f6nnen auch steuerliche, juristische und versicherungstechnische Fragen, die aufgrund der geltenden Rechtslage nicht direkt abgedeckt werden k\u00f6nnen, umfassend analysiert und zielorientiert angegangen werden.<br \/>\nCEO: Lutz Schackert<\/p>\n","protected":false},"excerpt":{"rendered":"<p>Cougar Consulting ist ihr kompetenter Partner f\u00fcr Unternehmensberatung, Existenzgr\u00fcnderberatung und Projekt- bzw. Qualit\u00e4tsmanagement. Wir unterst\u00fctzen Sie individuell und pers\u00f6nlich, damit Sie Ihre Potentiale entwickeln und zum Erfolg f\u00fchren k\u00f6nnen. Zu unseren Kunden im gesamten europ\u00e4ischen Raum z\u00e4hlten unter anderem Unternehmen aus den Bereichen: Energie- und Telekommunikationsanbieter Gesundheitsdienstleister Industrie und Produzierendes Gewerbe Durch unser kooperatives Netzwerk [&hellip;]<\/p>\n","protected":false},"author":1,"featured_media":36,"parent":0,"menu_order":0,"comment_status":"closed","ping_status":"closed","template":"","meta":[],"translation":{"provider":"WPGlobus","version":"2.8.11","language":"de","enabled_languages":["en","de"],"languages":{"en":{"title":true,"content":true,"excerpt":false},"de":{"title":true,"content":true,"excerpt":false}}},"yoast_head":"<!-- This site is optimized with the Yoast SEO plugin v19.0 - https:\/\/yoast.com\/wordpress\/plugins\/seo\/ -->\n<title>\u00dcber Cougar Consulting - Lutz Schackert<\/title>\n<meta name=\"description\" content=\"Cougar Consulting - CEO Lutz Schackert\" \/>\n<meta name=\"robots\" content=\"index, follow, max-snippet:-1, max-image-preview:large, max-video-preview:-1\" \/>\n<link rel=\"canonical\" href=\"http:\/\/cougar-consulting.eu\/about\/\" \/>\n<meta property=\"og:locale\" content=\"de_DE\" \/>\n<meta property=\"og:type\" content=\"article\" \/>\n<meta property=\"og:title\" content=\"{:en}About Cougar Consulting - Lutz Schackert{:}{:de}\u00dcber Cougar Consulting - Lutz Schackert{:}\" \/>\n<meta property=\"og:description\" content=\"Cougar Consulting - CEO Lutz Schackert\" \/>\n<meta property=\"og:url\" content=\"http:\/\/cougar-consulting.eu\/about\/\" \/>\n<meta property=\"og:site_name\" content=\"Cougar Consulting\" \/>\n<meta property=\"article:modified_time\" content=\"2016-09-19T08:13:26+00:00\" \/>\n<meta property=\"og:image\" content=\"http:\/\/cougar-consulting.eu\/wp-content\/uploads\/2016\/08\/cc_bg.jpg\" \/>\n\t<meta property=\"og:image:width\" content=\"1920\" \/>\n\t<meta property=\"og:image:height\" content=\"1080\" \/>\n\t<meta property=\"og:image:type\" content=\"image\/jpeg\" \/>\n<meta name=\"twitter:card\" content=\"summary\" \/>\n<meta name=\"twitter:label1\" content=\"Gesch\u00e4tzte Lesezeit\" \/>\n\t<meta name=\"twitter:data1\" content=\"1\u00a0Minute\" \/>\n<script type=\"application\/ld+json\" class=\"yoast-schema-graph\">{\"@context\":\"https:\/\/schema.org\",\"@graph\":[{\"@type\":\"WebSite\",\"@id\":\"http:\/\/cougar-consulting.eu\/#website\",\"url\":\"http:\/\/cougar-consulting.eu\/\",\"name\":\"Cougar Consulting\",\"description\":\"Lutz Schackert\",\"potentialAction\":[{\"@type\":\"SearchAction\",\"target\":{\"@type\":\"EntryPoint\",\"urlTemplate\":\"http:\/\/cougar-consulting.eu\/?s={search_term_string}\"},\"query-input\":\"required name=search_term_string\"}],\"inLanguage\":\"de\"},{\"@type\":\"ImageObject\",\"inLanguage\":\"de\",\"@id\":\"http:\/\/cougar-consulting.eu\/about\/#primaryimage\",\"url\":\"http:\/\/cougar-consulting.eu\/wp-content\/uploads\/2016\/08\/cc_bg.jpg\",\"contentUrl\":\"http:\/\/cougar-consulting.eu\/wp-content\/uploads\/2016\/08\/cc_bg.jpg\",\"width\":1920,\"height\":1080},{\"@type\":\"WebPage\",\"@id\":\"http:\/\/cougar-consulting.eu\/about\/#webpage\",\"url\":\"http:\/\/cougar-consulting.eu\/about\/\",\"name\":\"About Cougar Consulting - Lutz Schackert\",\"isPartOf\":{\"@id\":\"http:\/\/cougar-consulting.eu\/#website\"},\"primaryImageOfPage\":{\"@id\":\"http:\/\/cougar-consulting.eu\/about\/#primaryimage\"},\"datePublished\":\"2016-08-15T09:51:45+00:00\",\"dateModified\":\"2016-09-19T08:13:26+00:00\",\"description\":\"Cougar Consulting - CEO Lutz Schackert\",\"breadcrumb\":{\"@id\":\"http:\/\/cougar-consulting.eu\/about\/#breadcrumb\"},\"inLanguage\":\"de\",\"potentialAction\":[{\"@type\":\"ReadAction\",\"target\":[\"http:\/\/cougar-consulting.eu\/about\/\"]}]},{\"@type\":\"BreadcrumbList\",\"@id\":\"http:\/\/cougar-consulting.eu\/about\/#breadcrumb\",\"itemListElement\":[{\"@type\":\"ListItem\",\"position\":1,\"name\":\"Startseite\",\"item\":\"http:\/\/cougar-consulting.eu\/\"},{\"@type\":\"ListItem\",\"position\":2,\"name\":\"about Cougar Consulting\"}]}]}<\/script>\n<!-- \/ Yoast SEO plugin. -->","yoast_head_json":{"title":"\u00dcber Cougar Consulting - Lutz Schackert","description":"Cougar Consulting - CEO Lutz Schackert","robots":{"index":"index","follow":"follow","max-snippet":"max-snippet:-1","max-image-preview":"max-image-preview:large","max-video-preview":"max-video-preview:-1"},"canonical":"http:\/\/cougar-consulting.eu\/about\/","og_locale":"de_DE","og_type":"article","og_title":"{:en}About Cougar Consulting - Lutz Schackert{:}{:de}\u00dcber Cougar Consulting - Lutz Schackert{:}","og_description":"Cougar Consulting - CEO Lutz Schackert","og_url":"http:\/\/cougar-consulting.eu\/about\/","og_site_name":"Cougar Consulting","article_modified_time":"2016-09-19T08:13:26+00:00","og_image":[{"width":1920,"height":1080,"url":"http:\/\/cougar-consulting.eu\/wp-content\/uploads\/2016\/08\/cc_bg.jpg","type":"image\/jpeg"}],"twitter_card":"summary","twitter_misc":{"Gesch\u00e4tzte Lesezeit":"1\u00a0Minute"},"schema":{"@context":"https:\/\/schema.org","@graph":[{"@type":"WebSite","@id":"http:\/\/cougar-consulting.eu\/#website","url":"http:\/\/cougar-consulting.eu\/","name":"Cougar Consulting","description":"Lutz Schackert","potentialAction":[{"@type":"SearchAction","target":{"@type":"EntryPoint","urlTemplate":"http:\/\/cougar-consulting.eu\/?s={search_term_string}"},"query-input":"required name=search_term_string"}],"inLanguage":"de"},{"@type":"ImageObject","inLanguage":"de","@id":"http:\/\/cougar-consulting.eu\/about\/#primaryimage","url":"http:\/\/cougar-consulting.eu\/wp-content\/uploads\/2016\/08\/cc_bg.jpg","contentUrl":"http:\/\/cougar-consulting.eu\/wp-content\/uploads\/2016\/08\/cc_bg.jpg","width":1920,"height":1080},{"@type":"WebPage","@id":"http:\/\/cougar-consulting.eu\/about\/#webpage","url":"http:\/\/cougar-consulting.eu\/about\/","name":"About Cougar Consulting - Lutz Schackert","isPartOf":{"@id":"http:\/\/cougar-consulting.eu\/#website"},"primaryImageOfPage":{"@id":"http:\/\/cougar-consulting.eu\/about\/#primaryimage"},"datePublished":"2016-08-15T09:51:45+00:00","dateModified":"2016-09-19T08:13:26+00:00","description":"Cougar Consulting - CEO Lutz Schackert","breadcrumb":{"@id":"http:\/\/cougar-consulting.eu\/about\/#breadcrumb"},"inLanguage":"de","potentialAction":[{"@type":"ReadAction","target":["http:\/\/cougar-consulting.eu\/about\/"]}]},{"@type":"BreadcrumbList","@id":"http:\/\/cougar-consulting.eu\/about\/#breadcrumb","itemListElement":[{"@type":"ListItem","position":1,"name":"Startseite","item":"http:\/\/cougar-consulting.eu\/"},{"@type":"ListItem","position":2,"name":"about Cougar Consulting"}]}]}},"_links":{"self":[{"href":"http:\/\/cougar-consulting.eu\/de\/wp-json\/wp\/v2\/pages\/45"}],"collection":[{"href":"http:\/\/cougar-consulting.eu\/de\/wp-json\/wp\/v2\/pages"}],"about":[{"href":"http:\/\/cougar-consulting.eu\/de\/wp-json\/wp\/v2\/types\/page"}],"author":[{"embeddable":true,"href":"http:\/\/cougar-consulting.eu\/de\/wp-json\/wp\/v2\/users\/1"}],"replies":[{"embeddable":true,"href":"http:\/\/cougar-consulting.eu\/de\/wp-json\/wp\/v2\/comments?post=45"}],"version-history":[{"count":8,"href":"http:\/\/cougar-consulting.eu\/de\/wp-json\/wp\/v2\/pages\/45\/revisions"}],"predecessor-version":[{"id":91,"href":"http:\/\/cougar-consulting.eu\/de\/wp-json\/wp\/v2\/pages\/45\/revisions\/91"}],"wp:featuredmedia":[{"embeddable":true,"href":"http:\/\/cougar-consulting.eu\/de\/wp-json\/wp\/v2\/media\/36"}],"wp:attachment":[{"href":"http:\/\/cougar-consulting.eu\/de\/wp-json\/wp\/v2\/media?parent=45"}],"curies":[{"name":"wp","href":"https:\/\/api.w.org\/{rel}","templated":true}]}}